{"id":7507,"date":"2021-12-17T09:56:50","date_gmt":"2021-12-17T09:56:50","guid":{"rendered":"http:\/\/www.superpitch.co\/?page_id=7507"},"modified":"2021-12-17T10:30:02","modified_gmt":"2021-12-17T10:30:02","slug":"legal-notice","status":"publish","type":"page","link":"https:\/\/www.superpitch.co\/?page_id=7507","title":{"rendered":"Legal Notice"},"content":{"rendered":"<div class=\"text text--medium contact__infos\"><strong class=\"text--white text--big\">Legal notice<br \/>\n<\/strong><br \/>\nThe website http:\/\/www.superpitch.co (hereinafter, the &#8220;Website&#8221;) is published by SUPERPITCH, a French soci\u00e9t\u00e9 \u00e0 responsabilit\u00e9 limit\u00e9e with a capital of 500 euros, with its registered office is located 6 rue Sibour, 75010 Paris, registered in the Paris Trade and Companies Register under number 799 193 107.Telephone number: +33 (0) 1 43 70 05 00.Director of the publication: The director of the publication of the Website is Mr Thomas COUZINIER.Hosting company: The Website is hosted by the company Neuvi\u00e8me Page whose head office is located 126 RUE LA FAYETTE 75010 PARIS ;\u00a0e-mail\u00a0: hello@neuviemepage.com.<\/p>\n<\/div>\n","protected":false},"excerpt":{"rendered":"<p>Legal notice<\/p>\n<p>The website http:\/\/www.superpitch.co (hereinafter, the &#8220;Website&#8221;) is published by SUPERPITCH, a French soci\u00e9t\u00e9 \u00e0 responsabilit\u00e9 limit\u00e9e with a capital of 500 euros, with its registered office is located 6 &#8230;<\/p>\n","protected":false},"author":1,"featured_media":0,"parent":0,"menu_order":0,"comment_status":"closed","ping_status":"closed","template":"template-full.php","meta":{"_acf_changed":false,"footnotes":""},"class_list":["post-7507","page","type-page","status-publish","hentry"],"acf":[],"_links":{"self":[{"href":"https:\/\/www.superpitch.co\/index.php?rest_route=\/wp\/v2\/pages\/7507","targetHints":{"allow":["GET"]}}],"collection":[{"href":"https:\/\/www.superpitch.co\/index.php?rest_route=\/wp\/v2\/pages"}],"about":[{"href":"https:\/\/www.superpitch.co\/index.php?rest_route=\/wp\/v2\/types\/page"}],"author":[{"embeddable":true,"href":"https:\/\/www.superpitch.co\/index.php?rest_route=\/wp\/v2\/users\/1"}],"replies":[{"embeddable":true,"href":"https:\/\/www.superpitch.co\/index.php?rest_route=%2Fwp%2Fv2%2Fcomments&post=7507"}],"version-history":[{"count":4,"href":"https:\/\/www.superpitch.co\/index.php?rest_route=\/wp\/v2\/pages\/7507\/revisions"}],"predecessor-version":[{"id":7513,"href":"https:\/\/www.superpitch.co\/index.php?rest_route=\/wp\/v2\/pages\/7507\/revisions\/7513"}],"wp:attachment":[{"href":"https:\/\/www.superpitch.co\/index.php?rest_route=%2Fwp%2Fv2%2Fmedia&parent=7507"}],"curies":[{"name":"wp","href":"https:\/\/api.w.org\/{rel}","templated":true}]}}